{"id":393,"date":"2016-06-04T05:42:51","date_gmt":"2016-06-04T04:42:51","guid":{"rendered":"http:\/\/www.kablegintza.eus\/es\/?page_id=393"},"modified":"2016-06-04T05:42:51","modified_gmt":"2016-06-04T04:42:51","slug":"carasol-de-otsobieta-asolatze","status":"publish","type":"page","link":"https:\/\/www.kablegintza.eus\/es\/trayectorias\/valle-de-roncal\/carasol-de-otsobieta-asolatze\/","title":{"rendered":"Carasol de Otsobieta-Asolatze"},"content":{"rendered":"<ul>\n<li>Longitud: 3073m. aprox.<\/li>\n<li>A\u00f1o de la instalaci\u00f3n: Desconocido.<\/li>\n<li>Instalador: Desconocido.<\/li>\n<li>Promotor: Desconocido.<\/li>\n<li>Visible: Serie B del Vuelo americano 1956-57.<\/li>\n<\/ul>\n<p>Las caracter\u00edsticas de \u00e9ste cable son desconocidas. El cargadero estaba situado en el paraje de el Carasol de Otsobieta y el descargadero en Asolatze, cerca de la actual carretera NA-137.<\/p>\n<p>Los puntos que aparecen en el recorrido del cable no son pilonas, sino espacios libres de arbolado que aparecen en la cubierta vegetal a lo largo del trazado del cable en las fotograf\u00edas a\u00e9reas de 1956-57.<\/p>\n<p>Podr\u00edan ser pilonas, pero saber a ciencia cierta donde estuvieron colocadas las pilonas de \u00e9ste cable se antoja casi imposible. Han pasado m\u00e1s de sesenta a\u00f1os desde \u00e9ste vuelo a\u00e9reo.<\/p>\n<p>Su trayectoria era la siguiente:<\/p>\n<p><iframe loading=\"lazy\" src=\"https:\/\/www.google.com\/maps\/d\/embed?mid=15x0qvQkXVfPXGhCvVwyov3Uj2aM\" width=\"640\" height=\"480\"><\/iframe><\/p>\n","protected":false},"excerpt":{"rendered":"<p>Longitud: 3073m. aprox. A\u00f1o de la instalaci\u00f3n: Desconocido. Instalador: Desconocido. Promotor: Desconocido. Visible: Serie B del Vuelo americano 1956-57. Las caracter\u00edsticas de \u00e9ste cable son desconocidas. El cargadero estaba situado en el paraje de el Carasol de Otsobieta y el descargadero en Asolatze, cerca de la actual carretera NA-137. Los puntos que aparecen en el [&hellip;]<\/p>\n","protected":false},"author":2,"featured_media":0,"parent":300,"menu_order":0,"comment_status":"closed","ping_status":"closed","template":"","meta":{"footnotes":""},"class_list":["post-393","page","type-page","status-publish","hentry"],"_links":{"self":[{"href":"https:\/\/www.kablegintza.eus\/es\/wp-json\/wp\/v2\/pages\/393","targetHints":{"allow":["GET"]}}],"collection":[{"href":"https:\/\/www.kablegintza.eus\/es\/wp-json\/wp\/v2\/pages"}],"about":[{"href":"https:\/\/www.kablegintza.eus\/es\/wp-json\/wp\/v2\/types\/page"}],"author":[{"embeddable":true,"href":"https:\/\/www.kablegintza.eus\/es\/wp-json\/wp\/v2\/users\/2"}],"replies":[{"embeddable":true,"href":"https:\/\/www.kablegintza.eus\/es\/wp-json\/wp\/v2\/comments?post=393"}],"version-history":[{"count":1,"href":"https:\/\/www.kablegintza.eus\/es\/wp-json\/wp\/v2\/pages\/393\/revisions"}],"predecessor-version":[{"id":394,"href":"https:\/\/www.kablegintza.eus\/es\/wp-json\/wp\/v2\/pages\/393\/revisions\/394"}],"up":[{"embeddable":true,"href":"https:\/\/www.kablegintza.eus\/es\/wp-json\/wp\/v2\/pages\/300"}],"wp:attachment":[{"href":"https:\/\/www.kablegintza.eus\/es\/wp-json\/wp\/v2\/media?parent=393"}],"curies":[{"name":"wp","href":"https:\/\/api.w.org\/{rel}","templated":true}]}}