{"id":577,"date":"2016-12-12T23:42:57","date_gmt":"2016-12-12T22:42:57","guid":{"rendered":"http:\/\/www.kablegintza.eus\/es\/?page_id=577"},"modified":"2016-12-12T23:42:57","modified_gmt":"2016-12-12T22:42:57","slug":"mendilatz-etxalastoa","status":"publish","type":"page","link":"https:\/\/www.kablegintza.eus\/es\/trayectorias\/valle-de-aezkoa\/mendilatz-etxalastoa\/","title":{"rendered":"Mendilatz-Etxalastoa"},"content":{"rendered":"<ul>\n<li>Longitud: 1664m. aprox.<\/li>\n<li>A\u00f1o de la instalaci\u00f3n: Desconocido.<\/li>\n<li>Instalador: Desconocido.<\/li>\n<li>Promotor: Desconocido.<\/li>\n<li>Visible: Serie B del Vuelo americano 1956-57.<\/li>\n<\/ul>\n<p>Las caracter\u00edsticas de \u00e9ste cable son desconocidas. El cargadero estaba situado en Mendilatz y el descargadero en las inmediaciones del paraje de Etxalastoa.<\/p>\n<p>Los puntos que aparecen en el recorrido del cable no son pilonas, sino espacios libres de arbolado que aparecen en la cubierta vegetal a lo largo del trazado del cable en las fotograf\u00edas a\u00e9reas de 1956-57.<\/p>\n<p>Podr\u00edan ser pilonas, pero saber a ciencia cierta donde estuvieron colocadas se antoja casi imposible. Han pasado m\u00e1s de sesenta a\u00f1os desde \u00e9ste vuelo a\u00e9reo.<\/p>\n<p>Su trayectoria era la siguiente:<\/p>\n<p><iframe loading=\"lazy\" src=\"https:\/\/www.google.com\/maps\/d\/embed?mid=1oMA_r0HSq8btYWBG876lkObBWwU\" width=\"640\" height=\"480\"><\/iframe><\/p>\n","protected":false},"excerpt":{"rendered":"<p>Longitud: 1664m. aprox. A\u00f1o de la instalaci\u00f3n: Desconocido. Instalador: Desconocido. Promotor: Desconocido. Visible: Serie B del Vuelo americano 1956-57. Las caracter\u00edsticas de \u00e9ste cable son desconocidas. El cargadero estaba situado en Mendilatz y el descargadero en las inmediaciones del paraje de Etxalastoa. Los puntos que aparecen en el recorrido del cable no son pilonas, sino [&hellip;]<\/p>\n","protected":false},"author":2,"featured_media":0,"parent":497,"menu_order":0,"comment_status":"closed","ping_status":"closed","template":"","meta":{"footnotes":""},"class_list":["post-577","page","type-page","status-publish","hentry"],"_links":{"self":[{"href":"https:\/\/www.kablegintza.eus\/es\/wp-json\/wp\/v2\/pages\/577","targetHints":{"allow":["GET"]}}],"collection":[{"href":"https:\/\/www.kablegintza.eus\/es\/wp-json\/wp\/v2\/pages"}],"about":[{"href":"https:\/\/www.kablegintza.eus\/es\/wp-json\/wp\/v2\/types\/page"}],"author":[{"embeddable":true,"href":"https:\/\/www.kablegintza.eus\/es\/wp-json\/wp\/v2\/users\/2"}],"replies":[{"embeddable":true,"href":"https:\/\/www.kablegintza.eus\/es\/wp-json\/wp\/v2\/comments?post=577"}],"version-history":[{"count":1,"href":"https:\/\/www.kablegintza.eus\/es\/wp-json\/wp\/v2\/pages\/577\/revisions"}],"predecessor-version":[{"id":578,"href":"https:\/\/www.kablegintza.eus\/es\/wp-json\/wp\/v2\/pages\/577\/revisions\/578"}],"up":[{"embeddable":true,"href":"https:\/\/www.kablegintza.eus\/es\/wp-json\/wp\/v2\/pages\/497"}],"wp:attachment":[{"href":"https:\/\/www.kablegintza.eus\/es\/wp-json\/wp\/v2\/media?parent=577"}],"curies":[{"name":"wp","href":"https:\/\/api.w.org\/{rel}","templated":true}]}}